{"id":548,"date":"2023-05-29T01:37:07","date_gmt":"2023-05-29T01:37:07","guid":{"rendered":"http:\/\/garantrans.wbfdev.cz\/?page_id=548"},"modified":"2026-02-10T14:57:47","modified_gmt":"2026-02-10T14:57:47","slug":"kariera","status":"publish","type":"page","link":"https:\/\/garantrans.cz\/en\/kariera\/","title":{"rendered":"Career"},"content":{"rendered":"<div data-elementor-type=\"wp-page\" data-elementor-id=\"548\" class=\"elementor elementor-548\" data-elementor-post-type=\"page\">\n\t\t\t\t<div class=\"elementor-element elementor-element-b9af94d e-con-full e-flex e-con e-parent\" data-id=\"b9af94d\" data-element_type=\"container\" data-settings=\"{&quot;background_background&quot;:&quot;classic&quot;,&quot;jet_parallax_layout_list&quot;:[]}\">\n\t\t<div class=\"elementor-element elementor-element-d294966 e-con-full e-flex e-con e-child\" data-id=\"d294966\" data-element_type=\"container\" data-settings=\"{&quot;jet_parallax_layout_list&quot;:[]}\">\n\t\t\t\t<div class=\"elementor-element elementor-element-38be88a elementor-widget elementor-widget-heading\" data-id=\"38be88a\" data-element_type=\"widget\" data-widget_type=\"heading.default\">\n\t\t\t\t<div class=\"elementor-widget-container\">\n\t\t\t\t\t<h1 class=\"elementor-heading-title elementor-size-default\">Career<\/h1>\t\t\t\t<\/div>\n\t\t\t\t<\/div>\n\t\t\t\t<div class=\"elementor-element elementor-element-e2fb4e1 elementor-widget__width-initial elementor-widget elementor-widget-text-editor\" data-id=\"e2fb4e1\" data-element_type=\"widget\" data-widget_type=\"text-editor.default\">\n\t\t\t\t<div class=\"elementor-widget-container\">\n\t\t\t\t\t\t\t\t\tAre you interested in the dynamic world of freight transport and customs services and looking for new challenges? Let us know about you and join our company! Contact us today and open a new career path!\t\t\t\t\t\t\t\t<\/div>\n\t\t\t\t<\/div>\n\t\t\t\t<\/div>\n\t\t\t\t<\/div>\n\t\t<div class=\"elementor-element elementor-element-38df1b6 e-con-full e-flex e-con e-parent\" data-id=\"38df1b6\" data-element_type=\"container\" data-settings=\"{&quot;jet_parallax_layout_list&quot;:[]}\">\n\t\t\t\t<div class=\"elementor-element elementor-element-0ffd4d7 elementor-widget elementor-widget-jet-listing-grid\" data-id=\"0ffd4d7\" data-element_type=\"widget\" data-settings=\"{&quot;columns&quot;:&quot;1&quot;}\" data-widget_type=\"jet-listing-grid.default\">\n\t\t\t\t<div class=\"elementor-widget-container\">\n\t\t\t\t\t<div class=\"jet-listing-grid jet-listing\"><div class=\"jet-listing-grid__items grid-col-desk-1 grid-col-tablet-1 grid-col-mobile-1 jet-listing-grid--1719\" data-queried-id=\"548|WP_Post\" data-nav=\"{&quot;enabled&quot;:false,&quot;type&quot;:null,&quot;more_el&quot;:null,&quot;query&quot;:[],&quot;widget_settings&quot;:{&quot;lisitng_id&quot;:1719,&quot;posts_num&quot;:999,&quot;columns&quot;:1,&quot;columns_tablet&quot;:1,&quot;columns_mobile&quot;:1,&quot;column_min_width&quot;:240,&quot;column_min_width_tablet&quot;:240,&quot;column_min_width_mobile&quot;:240,&quot;inline_columns_css&quot;:false,&quot;is_archive_template&quot;:&quot;&quot;,&quot;post_status&quot;:[&quot;publish&quot;],&quot;use_random_posts_num&quot;:&quot;&quot;,&quot;max_posts_num&quot;:9,&quot;not_found_message&quot;:&quot;Nebyly nalezeny \\u017e\\u00e1dn\\u00e9 pozice!&quot;,&quot;is_masonry&quot;:false,&quot;equal_columns_height&quot;:&quot;&quot;,&quot;use_load_more&quot;:&quot;&quot;,&quot;load_more_id&quot;:&quot;&quot;,&quot;load_more_type&quot;:&quot;click&quot;,&quot;load_more_offset&quot;:{&quot;unit&quot;:&quot;px&quot;,&quot;size&quot;:0,&quot;sizes&quot;:[]},&quot;use_custom_post_types&quot;:&quot;&quot;,&quot;custom_post_types&quot;:[],&quot;hide_widget_if&quot;:&quot;&quot;,&quot;carousel_enabled&quot;:&quot;&quot;,&quot;slides_to_scroll&quot;:&quot;1&quot;,&quot;arrows&quot;:&quot;true&quot;,&quot;arrow_icon&quot;:&quot;fa fa-angle-left&quot;,&quot;dots&quot;:&quot;&quot;,&quot;autoplay&quot;:&quot;true&quot;,&quot;pause_on_hover&quot;:&quot;true&quot;,&quot;autoplay_speed&quot;:5000,&quot;infinite&quot;:&quot;true&quot;,&quot;center_mode&quot;:&quot;&quot;,&quot;effect&quot;:&quot;slide&quot;,&quot;speed&quot;:500,&quot;inject_alternative_items&quot;:&quot;&quot;,&quot;injection_items&quot;:[],&quot;scroll_slider_enabled&quot;:&quot;&quot;,&quot;scroll_slider_on&quot;:[&quot;desktop&quot;,&quot;tablet&quot;,&quot;mobile&quot;],&quot;custom_query&quot;:false,&quot;custom_query_id&quot;:&quot;&quot;,&quot;_element_id&quot;:&quot;&quot;,&quot;collapse_first_last_gap&quot;:false,&quot;list_tag_selection&quot;:&quot;&quot;,&quot;list_items_wrapper_tag&quot;:&quot;div&quot;,&quot;list_item_tag&quot;:&quot;div&quot;,&quot;empty_items_wrapper_tag&quot;:&quot;div&quot;}}\" data-page=\"1\" data-pages=\"1\" data-listing-source=\"posts\" data-listing-id=\"1719\" data-query-id=\"\"><div class=\"jet-listing-grid__item jet-listing-dynamic-post-1715\" data-post-id=\"1715\"  >\t\t<div data-elementor-type=\"jet-listing-items\" data-elementor-id=\"1719\" class=\"elementor elementor-1719\" data-elementor-post-type=\"jet-engine\">\n\t\t\t\t<div class=\"elementor-element elementor-element-d3c6b12 e-con-full e-flex e-con e-parent\" data-id=\"d3c6b12\" data-element_type=\"container\" data-settings=\"{&quot;jet_parallax_layout_list&quot;:[]}\">\n\t\t\t\t<div class=\"elementor-element elementor-element-4d0a282 elementor-widget elementor-widget-heading\" data-id=\"4d0a282\" data-element_type=\"widget\" data-widget_type=\"heading.default\">\n\t\t\t\t<div class=\"elementor-widget-container\">\n\t\t\t\t\t<h3 class=\"elementor-heading-title elementor-size-default\">Dispe\u010der pro mezin\u00e1rodn\u00ed kamionovou p\u0159epravu (pobo\u010dka Ostrava)<\/h3>\t\t\t\t<\/div>\n\t\t\t\t<\/div>\n\t\t\t\t<div class=\"elementor-element elementor-element-150d6c9 elementor-widget elementor-widget-text-editor\" data-id=\"150d6c9\" data-element_type=\"widget\" data-widget_type=\"text-editor.default\">\n\t\t\t\t<div class=\"elementor-widget-container\">\n\t\t\t\t\t\t\t\t\t\n<h3 class=\"wp-block-heading\">N\u00e1pl\u0148 pr\u00e1ce:<\/h3>\n\n\n\n<ul class=\"wp-block-list\">\n<li>zaji\u0161\u0165ov\u00e1n\u00ed a koordinace p\u0159epravy n\u00e1kladu pro na\u0161e vozy i smluvn\u00ed partnery<\/li>\n\n\n\n<li>komunikace se z\u00e1kazn\u00edky<\/li>\n\n\n\n<li>aktivn\u00ed vyhled\u00e1v\u00e1n\u00ed popt\u00e1vky po p\u0159eprav\u011b zbo\u017e\u00ed v evropsk\u00fdch zem\u00edch<\/li>\n\n\n\n<li>z\u00edsk\u00e1v\u00e1n\u00ed nov\u00fdch obchodn\u00edch partner\u016f<\/li>\n\n\n\n<li>veden\u00ed p\u0159\u00edslu\u0161n\u00e9 administrativy<\/li>\n<\/ul>\n\n\n\n<h3 class=\"wp-block-heading\">Po\u017eadujeme:<\/h3>\n\n\n\n<ul class=\"wp-block-list\">\n<li>n\u011bmeck\u00fd jazyk na velmi dobr\u00e9 \u00farovni (dal\u0161\u00ed jazyk v\u00fdhodou)<\/li>\n\n\n\n<li>zodpov\u011bdnost, samostatnost<\/li>\n\n\n\n<li>obchodn\u00ed praxi- ide\u00e1ln\u011b v oboru doprava, spedice, logistika<\/li>\n\n\n\n<li>dobr\u00e9 komunika\u010dn\u00ed a vyjedn\u00e1vac\u00ed schopnosti, obchodn\u00ed duch<\/li>\n\n\n\n<li>\u0159idi\u010dsk\u00fd pr\u016fkaz sk.B<\/li>\n\n\n\n<li>n\u00e1stup nejl\u00e9pe ihned<\/li>\n<\/ul>\n\n\n\n<h3 class=\"wp-block-heading\">Nab\u00edz\u00edme:<\/h3>\n\n\n\n<ul class=\"wp-block-list\">\n<li>HPP<\/li>\n\n\n\n<li>mo\u017enost vysok\u00e9ho v\u00fdd\u011blku<\/li>\n\n\n\n<li>firemn\u00ed mobiln\u00ed telefon<\/li>\n\n\n\n<li>pravideln\u00e1 \u0161kolen\u00ed<\/li>\n\n\n\n<li>slu\u017eebn\u00ed cesty<\/li>\n\n\n\n<li>stravenky<\/li>\n\n\n\n<li>p\u0159\u00edjemn\u00fd pracovn\u00ed kolektiv<\/li>\n\n\n\n<li>jazykov\u00e9 kurzy<\/li>\n\n\n\n<li>ob\u010derstven\u00ed na pracovi\u0161ti<\/li>\n<\/ul>\n\n\n\n<h3 class=\"wp-block-heading\">\u017divotopis + pr\u016fvodn\u00ed dopis zas\u00edlejte na e-mail\u00a0<a href=\"mailto:vavrickova@garantrans.cz\">vavrickova@garantrans.cz<\/a><\/h3>\n\n\n\n<p><\/p>\n\t\t\t\t\t\t\t\t<\/div>\n\t\t\t\t<\/div>\n\t\t\t\t<\/div>\n\t\t\t\t<\/div>\n\t\t<\/div><div class=\"jet-listing-grid__item jet-listing-dynamic-post-1714\" data-post-id=\"1714\"  >\t\t<div data-elementor-type=\"jet-listing-items\" data-elementor-id=\"1719\" class=\"elementor elementor-1719\" data-elementor-post-type=\"jet-engine\">\n\t\t\t\t<div class=\"elementor-element elementor-element-d3c6b12 e-con-full e-flex e-con e-parent\" data-id=\"d3c6b12\" data-element_type=\"container\" data-settings=\"{&quot;jet_parallax_layout_list&quot;:[]}\">\n\t\t\t\t<div class=\"elementor-element elementor-element-4d0a282 elementor-widget elementor-widget-heading\" data-id=\"4d0a282\" data-element_type=\"widget\" data-widget_type=\"heading.default\">\n\t\t\t\t<div class=\"elementor-widget-container\">\n\t\t\t\t\t<h3 class=\"elementor-heading-title elementor-size-default\">Hled\u00e1me \u0159idi\u010de<\/h3>\t\t\t\t<\/div>\n\t\t\t\t<\/div>\n\t\t\t\t<div class=\"elementor-element elementor-element-150d6c9 elementor-widget elementor-widget-text-editor\" data-id=\"150d6c9\" data-element_type=\"widget\" data-widget_type=\"text-editor.default\">\n\t\t\t\t<div class=\"elementor-widget-container\">\n\t\t\t\t\t\t\t\t\t\n<h3 class=\"wp-block-heading\">P\u0159ijmeme \u0159idi\u010de pro na\u0161\u00ed pobo\u010dku se s\u00eddlem v Praze pro n\u00e1kladn\u00ed automobily, taha\u010de a speci\u00e1ln\u00ed vozidla.<\/h3>\n\n\n\n<ul class=\"wp-block-list\">\n<li>Po\u017eadujeme \u0159idi\u010dsk\u00fd pr\u016fkaz C + E s profesn\u00edm pr\u016fkazem a praxi min. 2 roky, vnitrost\u00e1tn\u00ed i mezin\u00e1rodn\u00ed doprava v pom\u011bru 80% a 20 %.<\/li>\n\n\n\n<li>Parkov\u00e1n\u00ed v Praze. Ohodnocen\u00ed dohodou.<\/li>\n\n\n\n<li>Pouze slu\u0161n\u00e9 a kvalitn\u00ed \u0159idi\u010de. N\u00e1stup po dohod\u011b.<\/li>\n\n\n\n<li>Kontaktn\u00ed osoba p. Tuharsk\u00fd tel. 724 20 00 21<\/li>\n<\/ul>\n\t\t\t\t\t\t\t\t<\/div>\n\t\t\t\t<\/div>\n\t\t\t\t<\/div>\n\t\t\t\t<\/div>\n\t\t<\/div><\/div><\/div>\t\t\t\t<\/div>\n\t\t\t\t<\/div>\n\t\t\t\t<\/div>\n\t\t<div class=\"elementor-element elementor-element-fe31366 e-con-full e-flex e-con e-parent\" data-id=\"fe31366\" data-element_type=\"container\" data-settings=\"{&quot;jet_parallax_layout_list&quot;:[]}\">\n\t\t<div class=\"elementor-element elementor-element-dac20ca e-con-full e-flex e-con e-child\" data-id=\"dac20ca\" data-element_type=\"container\" data-settings=\"{&quot;jet_parallax_layout_list&quot;:[]}\">\n\t\t\t\t<div class=\"elementor-element elementor-element-0818114 elementor-mobile-align-center elementor-icon-list--layout-traditional elementor-list-item-link-full_width elementor-widget elementor-widget-icon-list\" data-id=\"0818114\" data-element_type=\"widget\" data-widget_type=\"icon-list.default\">\n\t\t\t\t<div class=\"elementor-widget-container\">\n\t\t\t\t\t\t\t<ul class=\"elementor-icon-list-items\">\n\t\t\t\t\t\t\t<li class=\"elementor-icon-list-item\">\n\t\t\t\t\t\t\t\t\t\t<span class=\"elementor-icon-list-text\">GARANTRANS s.r.o.<\/span>\n\t\t\t\t\t\t\t\t\t<\/li>\n\t\t\t\t\t\t\t\t<li class=\"elementor-icon-list-item\">\n\t\t\t\t\t\t\t\t\t\t<span class=\"elementor-icon-list-text\">Lihovarsk\u00e1 1199\/10<\/span>\n\t\t\t\t\t\t\t\t\t<\/li>\n\t\t\t\t\t\t\t\t<li class=\"elementor-icon-list-item\">\n\t\t\t\t\t\t\t\t\t\t<span class=\"elementor-icon-list-text\">Radvanice<\/span>\n\t\t\t\t\t\t\t\t\t<\/li>\n\t\t\t\t\t\t\t\t<li class=\"elementor-icon-list-item\">\n\t\t\t\t\t\t\t\t\t\t<span class=\"elementor-icon-list-text\">716 00 Ostrava, Czechia<\/span>\n\t\t\t\t\t\t\t\t\t<\/li>\n\t\t\t\t\t\t\t\t<li class=\"elementor-icon-list-item\">\n\t\t\t\t\t\t\t\t\t\t<span class=\"elementor-icon-list-text\">I\u010c: 25820117<\/span>\n\t\t\t\t\t\t\t\t\t<\/li>\n\t\t\t\t\t\t\t\t<li class=\"elementor-icon-list-item\">\n\t\t\t\t\t\t\t\t\t\t<span class=\"elementor-icon-list-text\">DI\u010c: CZ25820117<\/span>\n\t\t\t\t\t\t\t\t\t<\/li>\n\t\t\t\t\t\t<\/ul>\n\t\t\t\t\t\t<\/div>\n\t\t\t\t<\/div>\n\t\t\t\t<\/div>\n\t\t<div class=\"elementor-element elementor-element-514fa30 e-con-full e-flex e-con e-child\" data-id=\"514fa30\" data-element_type=\"container\" data-settings=\"{&quot;background_background&quot;:&quot;classic&quot;,&quot;jet_parallax_layout_list&quot;:[]}\">\n\t\t\t\t<div class=\"elementor-element elementor-element-d896a50 elementor-button-align-stretch elementor-widget elementor-widget-form\" data-id=\"d896a50\" data-element_type=\"widget\" data-settings=\"{&quot;step_next_label&quot;:&quot;Next&quot;,&quot;step_previous_label&quot;:&quot;Previous&quot;,&quot;button_width&quot;:&quot;100&quot;,&quot;step_type&quot;:&quot;number_text&quot;,&quot;step_icon_shape&quot;:&quot;circle&quot;}\" data-widget_type=\"form.default\">\n\t\t\t\t<div class=\"elementor-widget-container\">\n\t\t\t\t\t\t\t<form class=\"elementor-form\" method=\"post\" name=\"Contact Form\" aria-label=\"Contact Form\" action=\"\">\n\t\t\t<input type=\"hidden\" name=\"post_id\" value=\"548\"\/>\n\t\t\t<input type=\"hidden\" name=\"form_id\" value=\"d896a50\"\/>\n\t\t\t<input type=\"hidden\" name=\"referer_title\" value=\"Kari\u00e9ra - Garantrans\" \/>\n\n\t\t\t\t\t\t\t<input type=\"hidden\" name=\"queried_id\" value=\"548\"\/>\n\t\t\t\n\t\t\t<div class=\"elementor-form-fields-wrapper elementor-labels-above\">\n\t\t\t\t\t\t\t\t<div class=\"elementor-field-type-text elementor-field-group elementor-column elementor-field-group-name elementor-col-50 elementor-field-required\">\n\t\t\t\t\t\t\t\t\t\t\t\t<label for=\"form-field-name\" class=\"elementor-field-label\">\n\t\t\t\t\t\t\t\tName\t\t\t\t\t\t\t<\/label>\n\t\t\t\t\t\t\t\t\t\t\t\t\t\t<input size=\"1\" type=\"text\" name=\"form_fields[name]\" id=\"form-field-name\" class=\"elementor-field elementor-size-sm  elementor-field-textual\" required=\"required\">\n\t\t\t\t\t\t\t\t\t\t\t<\/div>\n\t\t\t\t\t\t\t\t<div class=\"elementor-field-type-text elementor-field-group elementor-column elementor-field-group-surname elementor-col-50 elementor-field-required\">\n\t\t\t\t\t\t\t\t\t\t\t\t<label for=\"form-field-surname\" class=\"elementor-field-label\">\n\t\t\t\t\t\t\t\tSurname\t\t\t\t\t\t\t<\/label>\n\t\t\t\t\t\t\t\t\t\t\t\t\t\t<input size=\"1\" type=\"text\" name=\"form_fields[surname]\" id=\"form-field-surname\" class=\"elementor-field elementor-size-sm  elementor-field-textual\" required=\"required\">\n\t\t\t\t\t\t\t\t\t\t\t<\/div>\n\t\t\t\t\t\t\t\t<div class=\"elementor-field-type-email elementor-field-group elementor-column elementor-field-group-email elementor-col-50 elementor-md-100 elementor-field-required\">\n\t\t\t\t\t\t\t\t\t\t\t\t<label for=\"form-field-email\" class=\"elementor-field-label\">\n\t\t\t\t\t\t\t\tEmail\t\t\t\t\t\t\t<\/label>\n\t\t\t\t\t\t\t\t\t\t\t\t\t\t<input size=\"1\" type=\"email\" name=\"form_fields[email]\" id=\"form-field-email\" class=\"elementor-field elementor-size-sm  elementor-field-textual\" required=\"required\">\n\t\t\t\t\t\t\t\t\t\t\t<\/div>\n\t\t\t\t\t\t\t\t<div class=\"elementor-field-type-tel elementor-field-group elementor-column elementor-field-group-tel elementor-col-50 elementor-md-100\">\n\t\t\t\t\t\t\t\t\t\t\t\t<label for=\"form-field-tel\" class=\"elementor-field-label\">\n\t\t\t\t\t\t\t\tPhone\t\t\t\t\t\t\t<\/label>\n\t\t\t\t\t\t\t\t<input size=\"1\" type=\"tel\" name=\"form_fields[tel]\" id=\"form-field-tel\" class=\"elementor-field elementor-size-sm  elementor-field-textual\" pattern=\"[0-9()#&amp;+*-=.]+\" title=\"Only numbers and phone characters (#, -, *, etc) are accepted.\">\n\n\t\t\t\t\t\t<\/div>\n\t\t\t\t\t\t\t\t<div class=\"elementor-field-type-textarea elementor-field-group elementor-column elementor-field-group-message elementor-col-100 elementor-field-required\">\n\t\t\t\t\t\t\t\t\t\t\t\t<label for=\"form-field-message\" class=\"elementor-field-label\">\n\t\t\t\t\t\t\t\tMessage\t\t\t\t\t\t\t<\/label>\n\t\t\t\t\t\t<textarea class=\"elementor-field-textual elementor-field  elementor-size-sm\" name=\"form_fields[message]\" id=\"form-field-message\" rows=\"5\" required=\"required\"><\/textarea>\t\t\t\t<\/div>\n\t\t\t\t\t\t\t\t<div class=\"elementor-field-group elementor-column elementor-field-type-submit elementor-col-100 e-form__buttons\">\n\t\t\t\t\t<button class=\"elementor-button elementor-size-sm elementor-animation-grow\" type=\"submit\">\n\t\t\t\t\t\t<span class=\"elementor-button-content-wrapper\">\n\t\t\t\t\t\t\t\t\t\t\t\t\t\t\t\t\t\t\t\t\t\t<span class=\"elementor-button-text\">Send<\/span>\n\t\t\t\t\t\t\t\t\t\t\t\t\t<\/span>\n\t\t\t\t\t<\/button>\n\t\t\t\t<\/div>\n\t\t\t<\/div>\n\t\t<input type=\"hidden\" name=\"trp-form-language\" value=\"en\"\/><\/form>\n\t\t\t\t\t\t<\/div>\n\t\t\t\t<\/div>\n\t\t\t\t<div class=\"elementor-element elementor-element-4a110d8 elementor-widget elementor-widget-text-editor\" data-id=\"4a110d8\" data-element_type=\"widget\" data-widget_type=\"text-editor.default\">\n\t\t\t\t<div class=\"elementor-widget-container\">\n\t\t\t\t\t\t\t\t\tThis form is protected by reCAPTCHA and the <a href=\"https:\/\/policies.google.com\/privacy\" target=\"_blank\" rel=\"noopener\">Privacy policy<\/a> and&nbsp;<a href=\"https:\/\/policies.google.com\/terms\" target=\"_blank\" rel=\"noopener\">Google Privacy Policy and Terms of Service apply<\/a>.\t\t\t\t\t\t\t\t<\/div>\n\t\t\t\t<\/div>\n\t\t\t\t<\/div>\n\t\t\t\t<\/div>\n\t\t\t\t<\/div>","protected":false},"excerpt":{"rendered":"<p>Kari\u00e9ra Zaj\u00edm\u00e1 v\u00e1s dynamick\u00fd sv\u011bt n\u00e1kladn\u00ed dopravy a&nbsp;celn\u00edch slu\u017eeb a&nbsp;hled\u00e1te nov\u00e9 v\u00fdzvy? Dejte n\u00e1m o&nbsp;sob\u011b v\u011bd\u011bt a&nbsp;p\u0159ipojte se&nbsp;k&nbsp;na\u0161\u00ed spole\u010dnosti! Napi\u0161te n\u00e1m je\u0161t\u011b dnes a&nbsp;otev\u0159ete si&nbsp;novou kari\u00e9rn\u00ed cestu! GARANTRANS s.r.o. Lihovarsk\u00e1 1199\/10 Radvanice 716 00 Ostrava I\u010c: 25820117 DI\u010c: CZ25820117 Tento formul\u00e1\u0159 je chr\u00e1n\u011bn pomoc\u00ed reCAPTCHA a&nbsp;plat\u00ed zde Z\u00e1sady ochrany osobn\u00edch \u00fadaj\u016f a&nbsp;Smluvn\u00ed podm\u00ednky spole\u010dnosti Google.<\/p>","protected":false},"author":3,"featured_media":0,"parent":0,"menu_order":0,"comment_status":"closed","ping_status":"closed","template":"elementor_header_footer","meta":{"footnotes":""},"class_list":["post-548","page","type-page","status-publish","hentry"],"_links":{"self":[{"href":"https:\/\/garantrans.cz\/en\/wp-json\/wp\/v2\/pages\/548","targetHints":{"allow":["GET"]}}],"collection":[{"href":"https:\/\/garantrans.cz\/en\/wp-json\/wp\/v2\/pages"}],"about":[{"href":"https:\/\/garantrans.cz\/en\/wp-json\/wp\/v2\/types\/page"}],"author":[{"embeddable":true,"href":"https:\/\/garantrans.cz\/en\/wp-json\/wp\/v2\/users\/3"}],"replies":[{"embeddable":true,"href":"https:\/\/garantrans.cz\/en\/wp-json\/wp\/v2\/comments?post=548"}],"version-history":[{"count":91,"href":"https:\/\/garantrans.cz\/en\/wp-json\/wp\/v2\/pages\/548\/revisions"}],"predecessor-version":[{"id":1978,"href":"https:\/\/garantrans.cz\/en\/wp-json\/wp\/v2\/pages\/548\/revisions\/1978"}],"wp:attachment":[{"href":"https:\/\/garantrans.cz\/en\/wp-json\/wp\/v2\/media?parent=548"}],"curies":[{"name":"wp","href":"https:\/\/api.w.org\/{rel}","templated":true}]}}