{"id":12,"date":"2023-03-15T14:08:10","date_gmt":"2023-03-15T14:08:10","guid":{"rendered":"http:\/\/sablonawebu.wbfsablona.cz\/?page_id=12"},"modified":"2023-07-27T12:20:38","modified_gmt":"2023-07-27T12:20:38","slug":"vas-partner-pro-prepravu-a-celni-sluzby","status":"publish","type":"page","link":"https:\/\/garantrans.cz\/en\/","title":{"rendered":"V\u00e1\u0161 partner pro p\u0159epravu a celn\u00ed slu\u017eby"},"content":{"rendered":"<div data-elementor-type=\"wp-page\" data-elementor-id=\"12\" class=\"elementor elementor-12\" data-elementor-post-type=\"page\">\n\t\t\t\t<div class=\"elementor-element elementor-element-fc2d0a6 e-con-full e-flex e-con e-parent\" data-id=\"fc2d0a6\" data-element_type=\"container\" data-settings=\"{&quot;background_background&quot;:&quot;classic&quot;,&quot;jet_parallax_layout_list&quot;:[]}\">\n\t\t<div class=\"elementor-element elementor-element-10ad11a e-con-full e-flex e-con e-parent\" data-id=\"10ad11a\" data-element_type=\"container\" data-settings=\"{&quot;jet_parallax_layout_list&quot;:[]}\">\n\t\t\t\t<div class=\"elementor-element elementor-element-ece0dc4 elementor-widget elementor-widget-heading\" data-id=\"ece0dc4\" data-element_type=\"widget\" data-widget_type=\"heading.default\">\n\t\t\t\t<div class=\"elementor-widget-container\">\n\t\t\t\t\t<h1 class=\"elementor-heading-title elementor-size-default\">We are your partner for transport <br>and customs services<\/h1>\t\t\t\t<\/div>\n\t\t\t\t<\/div>\n\t\t\t\t<div class=\"elementor-element elementor-element-bfc9f11 elementor-widget__width-initial elementor-widget elementor-widget-text-editor\" data-id=\"bfc9f11\" data-element_type=\"widget\" data-widget_type=\"text-editor.default\">\n\t\t\t\t<div class=\"elementor-widget-container\">\n\t\t\t\t\t\t\t\t\t<p>We are here to help you with oversize and oversize shipping and customs clearance solutions, with an emphasis on professionalism, speed and excellent service.<\/p>\t\t\t\t\t\t\t\t<\/div>\n\t\t\t\t<\/div>\n\t\t<div class=\"elementor-element elementor-element-a2dc306 e-con-full e-flex e-con e-parent\" data-id=\"a2dc306\" data-element_type=\"container\" data-settings=\"{&quot;jet_parallax_layout_list&quot;:[]}\">\n\t\t\t\t<div class=\"elementor-element elementor-element-10bd850 elementor-widget elementor-widget-button\" data-id=\"10bd850\" data-element_type=\"widget\" data-widget_type=\"button.default\">\n\t\t\t\t<div class=\"elementor-widget-container\">\n\t\t\t\t\t\t\t\t\t<div class=\"elementor-button-wrapper\">\n\t\t\t\t\t<a class=\"elementor-button elementor-button-link elementor-size-sm elementor-animation-grow\" href=\"#preprava\">\n\t\t\t\t\t\t<span class=\"elementor-button-content-wrapper\">\n\t\t\t\t\t\t<span class=\"elementor-button-icon\">\n\t\t\t\t<svg xmlns=\"http:\/\/www.w3.org\/2000\/svg\" width=\"43\" height=\"43\" viewbox=\"0 0 43 43\" fill=\"none\"><circle cx=\"21.5\" cy=\"21.5\" r=\"21\" stroke=\"white\"><\/circle><path d=\"M26 22.5L19.8596 29L19 28.09L24.2807 22.5L19 16.91L19.8596 16L26 22.5Z\" fill=\"white\"><\/path><\/svg>\t\t\t<\/span>\n\t\t\t\t\t\t\t\t\t<span class=\"elementor-button-text\">Transportation<\/span>\n\t\t\t\t\t<\/span>\n\t\t\t\t\t<\/a>\n\t\t\t\t<\/div>\n\t\t\t\t\t\t\t\t<\/div>\n\t\t\t\t<\/div>\n\t\t\t\t<div class=\"elementor-element elementor-element-78f7ec4 elementor-widget elementor-widget-button\" data-id=\"78f7ec4\" data-element_type=\"widget\" data-widget_type=\"button.default\">\n\t\t\t\t<div class=\"elementor-widget-container\">\n\t\t\t\t\t\t\t\t\t<div class=\"elementor-button-wrapper\">\n\t\t\t\t\t<a class=\"elementor-button elementor-button-link elementor-size-sm elementor-animation-grow\" href=\"#celni-sluzby\">\n\t\t\t\t\t\t<span class=\"elementor-button-content-wrapper\">\n\t\t\t\t\t\t<span class=\"elementor-button-icon\">\n\t\t\t\t<svg xmlns=\"http:\/\/www.w3.org\/2000\/svg\" width=\"43\" height=\"43\" viewbox=\"0 0 43 43\" fill=\"none\"><circle cx=\"21.5\" cy=\"21.5\" r=\"21\" stroke=\"white\"><\/circle><path d=\"M26 22.5L19.8596 29L19 28.09L24.2807 22.5L19 16.91L19.8596 16L26 22.5Z\" fill=\"white\"><\/path><\/svg>\t\t\t<\/span>\n\t\t\t\t\t\t\t\t\t<span class=\"elementor-button-text\">Customs services<\/span>\n\t\t\t\t\t<\/span>\n\t\t\t\t\t<\/a>\n\t\t\t\t<\/div>\n\t\t\t\t\t\t\t\t<\/div>\n\t\t\t\t<\/div>\n\t\t\t\t<\/div>\n\t\t\t\t<\/div>\n\t\t<div class=\"elementor-element elementor-element-a6f26c8 e-con-full elementor-hidden-tablet elementor-hidden-mobile e-flex e-con e-parent\" data-id=\"a6f26c8\" data-element_type=\"container\" data-settings=\"{&quot;jet_parallax_layout_list&quot;:[]}\">\n\t\t\t\t<div class=\"elementor-element elementor-element-84fb0b5 elementor-widget elementor-widget-image\" data-id=\"84fb0b5\" data-element_type=\"widget\" data-widget_type=\"image.default\">\n\t\t\t\t<div class=\"elementor-widget-container\">\n\t\t\t\t\t\t\t\t\t\t\t\t\t\t\t<img fetchpriority=\"high\" decoding=\"async\" width=\"676\" height=\"539\" src=\"https:\/\/garantrans.cz\/wp-content\/uploads\/2023\/05\/25-let.svg\" class=\"attachment-full size-full wp-image-182\" alt=\"\" \/>\t\t\t\t\t\t\t\t\t\t\t\t\t\t\t<\/div>\n\t\t\t\t<\/div>\n\t\t\t\t<\/div>\n\t\t\t\t<\/div>\n\t\t<div class=\"elementor-element elementor-element-a3eca8c e-con-full elementor-hidden-desktop elementor-hidden-tablet elementor-hidden-mobile e-flex e-con e-parent\" data-id=\"a3eca8c\" data-element_type=\"container\" data-settings=\"{&quot;jet_parallax_layout_list&quot;:[]}\">\n\t\t\t\t<div class=\"elementor-element elementor-element-6265038 elementor-widget-tablet__width-initial elementor-widget elementor-widget-image\" data-id=\"6265038\" data-element_type=\"widget\" data-widget_type=\"image.default\">\n\t\t\t\t<div class=\"elementor-widget-container\">\n\t\t\t\t\t\t\t\t\t\t\t\t\t\t\t<img decoding=\"async\" width=\"75\" height=\"52\" src=\"https:\/\/garantrans.cz\/wp-content\/uploads\/2023\/05\/logo-skoda.png\" class=\"attachment-full size-full wp-image-257\" alt=\"\" \/>\t\t\t\t\t\t\t\t\t\t\t\t\t\t\t<\/div>\n\t\t\t\t<\/div>\n\t\t\t\t<div class=\"elementor-element elementor-element-d1d8f3c elementor-widget-tablet__width-initial elementor-widget elementor-widget-image\" data-id=\"d1d8f3c\" data-element_type=\"widget\" data-widget_type=\"image.default\">\n\t\t\t\t<div class=\"elementor-widget-container\">\n\t\t\t\t\t\t\t\t\t\t\t\t\t\t\t<img decoding=\"async\" width=\"110\" height=\"52\" src=\"https:\/\/garantrans.cz\/wp-content\/uploads\/2023\/05\/logo-hayes.png\" class=\"attachment-full size-full wp-image-258\" alt=\"\" \/>\t\t\t\t\t\t\t\t\t\t\t\t\t\t\t<\/div>\n\t\t\t\t<\/div>\n\t\t\t\t<div class=\"elementor-element elementor-element-3e772de elementor-widget-tablet__width-initial elementor-widget elementor-widget-image\" data-id=\"3e772de\" data-element_type=\"widget\" data-widget_type=\"image.default\">\n\t\t\t\t<div class=\"elementor-widget-container\">\n\t\t\t\t\t\t\t\t\t\t\t\t\t\t\t<img loading=\"lazy\" decoding=\"async\" width=\"148\" height=\"20\" src=\"https:\/\/garantrans.cz\/wp-content\/uploads\/2023\/05\/logo-shimano.png\" class=\"attachment-full size-full wp-image-259\" alt=\"\" \/>\t\t\t\t\t\t\t\t\t\t\t\t\t\t\t<\/div>\n\t\t\t\t<\/div>\n\t\t\t\t<div class=\"elementor-element elementor-element-73feb9a elementor-widget-tablet__width-initial elementor-widget elementor-widget-image\" data-id=\"73feb9a\" data-element_type=\"widget\" data-widget_type=\"image.default\">\n\t\t\t\t<div class=\"elementor-widget-container\">\n\t\t\t\t\t\t\t\t\t\t\t\t\t\t\t<img loading=\"lazy\" decoding=\"async\" width=\"81\" height=\"52\" src=\"https:\/\/garantrans.cz\/wp-content\/uploads\/2023\/05\/logo-hyundai.png\" class=\"attachment-full size-full wp-image-260\" alt=\"\" \/>\t\t\t\t\t\t\t\t\t\t\t\t\t\t\t<\/div>\n\t\t\t\t<\/div>\n\t\t\t\t<div class=\"elementor-element elementor-element-dcd5d70 elementor-widget-tablet__width-initial elementor-widget elementor-widget-image\" data-id=\"dcd5d70\" data-element_type=\"widget\" data-widget_type=\"image.default\">\n\t\t\t\t<div class=\"elementor-widget-container\">\n\t\t\t\t\t\t\t\t\t\t\t\t\t\t\t<img loading=\"lazy\" decoding=\"async\" width=\"115\" height=\"20\" src=\"https:\/\/garantrans.cz\/wp-content\/uploads\/2023\/05\/logo-rockwool.png\" class=\"attachment-full size-full wp-image-261\" alt=\"\" \/>\t\t\t\t\t\t\t\t\t\t\t\t\t\t\t<\/div>\n\t\t\t\t<\/div>\n\t\t\t\t<div class=\"elementor-element elementor-element-597cc56 elementor-widget-tablet__width-initial elementor-widget elementor-widget-image\" data-id=\"597cc56\" data-element_type=\"widget\" data-widget_type=\"image.default\">\n\t\t\t\t<div class=\"elementor-widget-container\">\n\t\t\t\t\t\t\t\t\t\t\t\t\t\t\t<img loading=\"lazy\" decoding=\"async\" width=\"100\" height=\"52\" src=\"https:\/\/garantrans.cz\/wp-content\/uploads\/2023\/05\/logo-maxion.png\" class=\"attachment-full size-full wp-image-262\" alt=\"\" \/>\t\t\t\t\t\t\t\t\t\t\t\t\t\t\t<\/div>\n\t\t\t\t<\/div>\n\t\t\t\t<\/div>\n\t\t<div class=\"elementor-element elementor-element-40d122e e-con-full e-flex e-con e-parent\" data-id=\"40d122e\" data-element_type=\"container\" data-settings=\"{&quot;jet_parallax_layout_list&quot;:[]}\">\n\t\t\t\t<\/div>\n\t\t<div class=\"elementor-element elementor-element-c3faf87 e-con-full e-flex e-con e-parent\" data-id=\"c3faf87\" data-element_type=\"container\" data-settings=\"{&quot;jet_parallax_layout_list&quot;:[]}\">\n\t\t<div class=\"elementor-element elementor-element-b23462c e-con-full e-flex e-con e-parent\" data-id=\"b23462c\" data-element_type=\"container\" data-settings=\"{&quot;background_background&quot;:&quot;classic&quot;,&quot;jet_parallax_layout_list&quot;:[]}\">\n\t\t\t\t<div class=\"elementor-element elementor-element-dd67ff7 elementor-widget elementor-widget-heading\" data-id=\"dd67ff7\" data-element_type=\"widget\" data-widget_type=\"heading.default\">\n\t\t\t\t<div class=\"elementor-widget-container\">\n\t\t\t\t\t<h5 class=\"elementor-heading-title elementor-size-default\">25 years of experience<\/h5>\t\t\t\t<\/div>\n\t\t\t\t<\/div>\n\t\t\t\t<div class=\"elementor-element elementor-element-35caa03 elementor-widget elementor-widget-text-editor\" data-id=\"35caa03\" data-element_type=\"widget\" data-widget_type=\"text-editor.default\">\n\t\t\t\t<div class=\"elementor-widget-container\">\n\t\t\t\t\t\t\t\t\tWe have been dedicated to our field for more than 25 years. Throughout our history, we have built long-term business relationships with our partners based on mutual trust and reliability.\t\t\t\t\t\t\t\t<\/div>\n\t\t\t\t<\/div>\n\t\t\t\t<\/div>\n\t\t<div class=\"elementor-element elementor-element-8b3152d e-con-full e-flex e-con e-parent\" data-id=\"8b3152d\" data-element_type=\"container\" data-settings=\"{&quot;background_background&quot;:&quot;classic&quot;,&quot;jet_parallax_layout_list&quot;:[]}\">\n\t\t\t\t<div class=\"elementor-element elementor-element-d29fdd7 elementor-widget elementor-widget-heading\" data-id=\"d29fdd7\" data-element_type=\"widget\" data-widget_type=\"heading.default\">\n\t\t\t\t<div class=\"elementor-widget-container\">\n\t\t\t\t\t<h5 class=\"elementor-heading-title elementor-size-default\">Reliability<\/h5>\t\t\t\t<\/div>\n\t\t\t\t<\/div>\n\t\t\t\t<div class=\"elementor-element elementor-element-1be0d38 elementor-widget elementor-widget-text-editor\" data-id=\"1be0d38\" data-element_type=\"widget\" data-widget_type=\"text-editor.default\">\n\t\t\t\t<div class=\"elementor-widget-container\">\n\t\t\t\t\t\t\t\t\t<p>As our name says \"GARANTRANS\", this is how we approach our services and we guarantee their quality. We adapt to the individual needs of each customer.<\/p>\t\t\t\t\t\t\t\t<\/div>\n\t\t\t\t<\/div>\n\t\t\t\t<\/div>\n\t\t<div class=\"elementor-element elementor-element-c07f36c e-con-full e-flex e-con e-parent\" data-id=\"c07f36c\" data-element_type=\"container\" data-settings=\"{&quot;background_background&quot;:&quot;classic&quot;,&quot;jet_parallax_layout_list&quot;:[]}\">\n\t\t\t\t<div class=\"elementor-element elementor-element-0025f4d elementor-widget elementor-widget-heading\" data-id=\"0025f4d\" data-element_type=\"widget\" data-widget_type=\"heading.default\">\n\t\t\t\t<div class=\"elementor-widget-container\">\n\t\t\t\t\t<h5 class=\"elementor-heading-title elementor-size-default\">Quality<\/h5>\t\t\t\t<\/div>\n\t\t\t\t<\/div>\n\t\t\t\t<div class=\"elementor-element elementor-element-e245e5e elementor-widget elementor-widget-text-editor\" data-id=\"e245e5e\" data-element_type=\"widget\" data-widget_type=\"text-editor.default\">\n\t\t\t\t<div class=\"elementor-widget-container\">\n\t\t\t\t\t\t\t\t\tWe ensure compliance with legislative standards \nand regulations, including occupational safety. Our employees undergo regular training to maintain the quality of our services.\t\t\t\t\t\t\t\t<\/div>\n\t\t\t\t<\/div>\n\t\t\t\t<\/div>\n\t\t\t\t<\/div>\n\t\t<div class=\"elementor-element elementor-element-1491c04 e-con-full e-flex e-con e-parent\" data-id=\"1491c04\" data-element_type=\"container\" id=\"preprava\" data-settings=\"{&quot;background_background&quot;:&quot;classic&quot;,&quot;jet_parallax_layout_list&quot;:[]}\">\n\t\t\t\t<div class=\"elementor-element elementor-element-ded1256 elementor-widget elementor-widget-heading\" data-id=\"ded1256\" data-element_type=\"widget\" data-widget_type=\"heading.default\">\n\t\t\t\t<div class=\"elementor-widget-container\">\n\t\t\t\t\t<h2 class=\"elementor-heading-title elementor-size-default\">Reliable delivery<\/h2>\t\t\t\t<\/div>\n\t\t\t\t<\/div>\n\t\t\t\t<div class=\"elementor-element elementor-element-91e0309 elementor-widget__width-initial elementor-widget-mobile__width-inherit elementor-widget elementor-widget-text-editor\" data-id=\"91e0309\" data-element_type=\"widget\" data-widget_type=\"text-editor.default\">\n\t\t\t\t<div class=\"elementor-widget-container\">\n\t\t\t\t\t\t\t\t\t<p>Here are the services we offer in the areas listed below. If you are looking for a reliable partner for your large and demanding shipments or customs services, contact us and we will be happy to help you.<\/p>\t\t\t\t\t\t\t\t<\/div>\n\t\t\t\t<\/div>\n\t\t<div class=\"elementor-element elementor-element-b893dda e-con-full e-flex e-con e-parent\" data-id=\"b893dda\" data-element_type=\"container\" data-settings=\"{&quot;jet_parallax_layout_list&quot;:[]}\">\n\t\t<div class=\"elementor-element elementor-element-81d8134 e-con-full e-flex e-con e-parent\" data-id=\"81d8134\" data-element_type=\"container\" data-settings=\"{&quot;background_background&quot;:&quot;classic&quot;,&quot;jet_parallax_layout_list&quot;:[]}\">\n\t\t\t\t<div class=\"elementor-element elementor-element-051f1b5 elementor-widget elementor-widget-heading\" data-id=\"051f1b5\" data-element_type=\"widget\" data-widget_type=\"heading.default\">\n\t\t\t\t<div class=\"elementor-widget-container\">\n\t\t\t\t\t<h5 class=\"elementor-heading-title elementor-size-default\">Oversized transport<\/h5>\t\t\t\t<\/div>\n\t\t\t\t<\/div>\n\t\t\t\t<div class=\"elementor-element elementor-element-49c9329 elementor-align-center elementor-widget elementor-widget-button\" data-id=\"49c9329\" data-element_type=\"widget\" data-widget_type=\"button.default\">\n\t\t\t\t<div class=\"elementor-widget-container\">\n\t\t\t\t\t\t\t\t\t<div class=\"elementor-button-wrapper\">\n\t\t\t\t\t<a class=\"elementor-button elementor-button-link elementor-size-sm elementor-animation-grow\" href=\"\/en\/nadrozmerna-preprava\/\">\n\t\t\t\t\t\t<span class=\"elementor-button-content-wrapper\">\n\t\t\t\t\t\t<span class=\"elementor-button-icon\">\n\t\t\t\t<svg xmlns=\"http:\/\/www.w3.org\/2000\/svg\" width=\"43\" height=\"43\" viewbox=\"0 0 43 43\" fill=\"none\"><circle cx=\"21.5\" cy=\"21.5\" r=\"21\" stroke=\"white\"><\/circle><path d=\"M26 22.5L19.8596 29L19 28.09L24.2807 22.5L19 16.91L19.8596 16L26 22.5Z\" fill=\"white\"><\/path><\/svg>\t\t\t<\/span>\n\t\t\t\t\t\t\t\t\t<span class=\"elementor-button-text\">Read more<\/span>\n\t\t\t\t\t<\/span>\n\t\t\t\t\t<\/a>\n\t\t\t\t<\/div>\n\t\t\t\t\t\t\t\t<\/div>\n\t\t\t\t<\/div>\n\t\t\t\t<\/div>\n\t\t<div class=\"elementor-element elementor-element-e52f76c e-con-full e-flex e-con e-parent\" data-id=\"e52f76c\" data-element_type=\"container\" data-settings=\"{&quot;background_background&quot;:&quot;classic&quot;,&quot;jet_parallax_layout_list&quot;:[]}\">\n\t\t\t\t<div class=\"elementor-element elementor-element-911125e elementor-widget elementor-widget-heading\" data-id=\"911125e\" data-element_type=\"widget\" data-widget_type=\"heading.default\">\n\t\t\t\t<div class=\"elementor-widget-container\">\n\t\t\t\t\t<h5 class=\"elementor-heading-title elementor-size-default\">Truck transport<\/h5>\t\t\t\t<\/div>\n\t\t\t\t<\/div>\n\t\t\t\t<div class=\"elementor-element elementor-element-40659a0 elementor-align-center elementor-widget elementor-widget-button\" data-id=\"40659a0\" data-element_type=\"widget\" data-widget_type=\"button.default\">\n\t\t\t\t<div class=\"elementor-widget-container\">\n\t\t\t\t\t\t\t\t\t<div class=\"elementor-button-wrapper\">\n\t\t\t\t\t<a class=\"elementor-button elementor-button-link elementor-size-sm elementor-animation-grow\" href=\"\/en\/kamionova-preprava\/\">\n\t\t\t\t\t\t<span class=\"elementor-button-content-wrapper\">\n\t\t\t\t\t\t<span class=\"elementor-button-icon\">\n\t\t\t\t<svg xmlns=\"http:\/\/www.w3.org\/2000\/svg\" width=\"43\" height=\"43\" viewbox=\"0 0 43 43\" fill=\"none\"><circle cx=\"21.5\" cy=\"21.5\" r=\"21\" stroke=\"white\"><\/circle><path d=\"M26 22.5L19.8596 29L19 28.09L24.2807 22.5L19 16.91L19.8596 16L26 22.5Z\" fill=\"white\"><\/path><\/svg>\t\t\t<\/span>\n\t\t\t\t\t\t\t\t\t<span class=\"elementor-button-text\">Read more<\/span>\n\t\t\t\t\t<\/span>\n\t\t\t\t\t<\/a>\n\t\t\t\t<\/div>\n\t\t\t\t\t\t\t\t<\/div>\n\t\t\t\t<\/div>\n\t\t\t\t<\/div>\n\t\t<div class=\"elementor-element elementor-element-ac940b5 e-con-full e-flex e-con e-parent\" data-id=\"ac940b5\" data-element_type=\"container\" data-settings=\"{&quot;background_background&quot;:&quot;classic&quot;,&quot;jet_parallax_layout_list&quot;:[]}\">\n\t\t\t\t<div class=\"elementor-element elementor-element-a53ded3 elementor-widget elementor-widget-heading\" data-id=\"a53ded3\" data-element_type=\"widget\" data-widget_type=\"heading.default\">\n\t\t\t\t<div class=\"elementor-widget-container\">\n\t\t\t\t\t<h5 class=\"elementor-heading-title elementor-size-default\">Sea and river transport<\/h5>\t\t\t\t<\/div>\n\t\t\t\t<\/div>\n\t\t\t\t<div class=\"elementor-element elementor-element-fe58ca6 elementor-align-center elementor-widget elementor-widget-button\" data-id=\"fe58ca6\" data-element_type=\"widget\" data-widget_type=\"button.default\">\n\t\t\t\t<div class=\"elementor-widget-container\">\n\t\t\t\t\t\t\t\t\t<div class=\"elementor-button-wrapper\">\n\t\t\t\t\t<a class=\"elementor-button elementor-button-link elementor-size-sm elementor-animation-grow\" href=\"\/en\/namorni-a-ricni-preprava\/\">\n\t\t\t\t\t\t<span class=\"elementor-button-content-wrapper\">\n\t\t\t\t\t\t<span class=\"elementor-button-icon\">\n\t\t\t\t<svg xmlns=\"http:\/\/www.w3.org\/2000\/svg\" width=\"43\" height=\"43\" viewbox=\"0 0 43 43\" fill=\"none\"><circle cx=\"21.5\" cy=\"21.5\" r=\"21\" stroke=\"white\"><\/circle><path d=\"M26 22.5L19.8596 29L19 28.09L24.2807 22.5L19 16.91L19.8596 16L26 22.5Z\" fill=\"white\"><\/path><\/svg>\t\t\t<\/span>\n\t\t\t\t\t\t\t\t\t<span class=\"elementor-button-text\">Read more<\/span>\n\t\t\t\t\t<\/span>\n\t\t\t\t\t<\/a>\n\t\t\t\t<\/div>\n\t\t\t\t\t\t\t\t<\/div>\n\t\t\t\t<\/div>\n\t\t\t\t<\/div>\n\t\t\t\t<\/div>\n\t\t\t\t<\/div>\n\t\t<div class=\"elementor-element elementor-element-f9e7138 e-con-full e-flex e-con e-parent\" data-id=\"f9e7138\" data-element_type=\"container\" id=\"celni-sluzby\" data-settings=\"{&quot;background_background&quot;:&quot;classic&quot;,&quot;jet_parallax_layout_list&quot;:[]}\">\n\t\t\t\t<div class=\"elementor-element elementor-element-c275a33 elementor-widget elementor-widget-heading\" data-id=\"c275a33\" data-element_type=\"widget\" data-widget_type=\"heading.default\">\n\t\t\t\t<div class=\"elementor-widget-container\">\n\t\t\t\t\t<h2 class=\"elementor-heading-title elementor-size-default\">Customs services<\/h2>\t\t\t\t<\/div>\n\t\t\t\t<\/div>\n\t\t\t\t<div class=\"elementor-element elementor-element-ae80af5 elementor-widget elementor-widget-text-editor\" data-id=\"ae80af5\" data-element_type=\"widget\" data-widget_type=\"text-editor.default\">\n\t\t\t\t<div class=\"elementor-widget-container\">\n\t\t\t\t\t\t\t\t\tOur company offers a variety of customs services, including the issuance of customs declarations, which include the Single Administrative Document (SAD) and the Export Accompanying Document (EAD). We provide simplified procedure with free circulation, approved exporter and centralized customs clearance. We can assist you at our four customs service locations in the Czech Republic. We also provide commercial representation in many cities in the Czech Republic and work with cooperation partners in Germany, Hungary, Serbia, Macedonia, Croatia, Bulgaria, Lithuania, Latvia and Estonia.\t\t\t\t\t\t\t\t<\/div>\n\t\t\t\t<\/div>\n\t\t\t\t<div class=\"elementor-element elementor-element-fafd571 elementor-align-center elementor-widget elementor-widget-button\" data-id=\"fafd571\" data-element_type=\"widget\" data-widget_type=\"button.default\">\n\t\t\t\t<div class=\"elementor-widget-container\">\n\t\t\t\t\t\t\t\t\t<div class=\"elementor-button-wrapper\">\n\t\t\t\t\t<a class=\"elementor-button elementor-button-link elementor-size-sm elementor-animation-grow\" href=\"\/en\/celni-sluzby\/\">\n\t\t\t\t\t\t<span class=\"elementor-button-content-wrapper\">\n\t\t\t\t\t\t<span class=\"elementor-button-icon\">\n\t\t\t\t<svg xmlns=\"http:\/\/www.w3.org\/2000\/svg\" width=\"43\" height=\"43\" viewbox=\"0 0 43 43\" fill=\"none\"><circle cx=\"21.5\" cy=\"21.5\" r=\"21\" stroke=\"white\"><\/circle><path d=\"M26 22.5L19.8596 29L19 28.09L24.2807 22.5L19 16.91L19.8596 16L26 22.5Z\" fill=\"white\"><\/path><\/svg>\t\t\t<\/span>\n\t\t\t\t\t\t\t\t\t<span class=\"elementor-button-text\">Read more<\/span>\n\t\t\t\t\t<\/span>\n\t\t\t\t\t<\/a>\n\t\t\t\t<\/div>\n\t\t\t\t\t\t\t\t<\/div>\n\t\t\t\t<\/div>\n\t\t\t\t<\/div>\n\t\t<div class=\"elementor-element elementor-element-c10feb3 e-con-full e-flex e-con e-parent\" data-id=\"c10feb3\" data-element_type=\"container\" data-settings=\"{&quot;background_background&quot;:&quot;classic&quot;,&quot;jet_parallax_layout_list&quot;:[]}\">\n\t\t\t\t<div class=\"elementor-element elementor-element-5d0e638 elementor-widget elementor-widget-heading\" data-id=\"5d0e638\" data-element_type=\"widget\" data-widget_type=\"heading.default\">\n\t\t\t\t<div class=\"elementor-widget-container\">\n\t\t\t\t\t<h2 class=\"elementor-heading-title elementor-size-default\">Need a reliable partner?<\/h2>\t\t\t\t<\/div>\n\t\t\t\t<\/div>\n\t\t\t\t<div class=\"elementor-element elementor-element-c654c32 elementor-widget__width-initial elementor-widget-mobile__width-inherit elementor-widget elementor-widget-text-editor\" data-id=\"c654c32\" data-element_type=\"widget\" data-widget_type=\"text-editor.default\">\n\t\t\t\t<div class=\"elementor-widget-container\">\n\t\t\t\t\t\t\t\t\tContact us and see for yourself our professionalism and reliability.\t\t\t\t\t\t\t\t<\/div>\n\t\t\t\t<\/div>\n\t\t\t\t<div class=\"elementor-element elementor-element-361f9e2 elementor-widget elementor-widget-button\" data-id=\"361f9e2\" data-element_type=\"widget\" data-widget_type=\"button.default\">\n\t\t\t\t<div class=\"elementor-widget-container\">\n\t\t\t\t\t\t\t\t\t<div class=\"elementor-button-wrapper\">\n\t\t\t\t\t<a class=\"elementor-button elementor-button-link elementor-size-sm elementor-animation-grow\" href=\"\/en\/kontakt\/\">\n\t\t\t\t\t\t<span class=\"elementor-button-content-wrapper\">\n\t\t\t\t\t\t<span class=\"elementor-button-icon\">\n\t\t\t\t<svg xmlns=\"http:\/\/www.w3.org\/2000\/svg\" width=\"43\" height=\"43\" viewbox=\"0 0 43 43\" fill=\"none\"><circle cx=\"21.5\" cy=\"21.5\" r=\"20.5\" stroke=\"#2164AE\" stroke-width=\"2\"><\/circle><path d=\"M26 22.5L19.8596 29L19 28.09L24.2807 22.5L19 16.91L19.8596 16L26 22.5Z\" fill=\"#2164AE\" stroke=\"#2164AE\"><\/path><\/svg>\t\t\t<\/span>\n\t\t\t\t\t\t\t\t\t<span class=\"elementor-button-text\">Contact<\/span>\n\t\t\t\t\t<\/span>\n\t\t\t\t\t<\/a>\n\t\t\t\t<\/div>\n\t\t\t\t\t\t\t\t<\/div>\n\t\t\t\t<\/div>\n\t\t\t\t<\/div>\n\t\t\t\t<\/div>","protected":false},"excerpt":{"rendered":"<p>Jsme v\u00e1\u0161 partner pro&nbsp;p\u0159epravu a&nbsp;celn\u00ed slu\u017eby Jsme tu, abychom v\u00e1m pomohli s\u00a0nadrozm\u011brnou i\u00a0nadm\u011brnou p\u0159epravou a\u00a0\u0159e\u0161en\u00edm celn\u00edch \u0159\u00edzen\u00ed, klademe d\u016fraz na profesionalitu, rychlost a\u00a0vynikaj\u00edc\u00ed slu\u017ebu. P\u0159eprava Celn\u00ed slu\u017eby 25 let zku\u0161enost\u00ed Na\u0161emu oboru se\u00a0v\u011bnujeme ji\u017e\u00a0v\u00edce ne\u017e 25 let. Po celou dobu na\u0161\u00ed historie budujeme dlouhodob\u00e9 obchodn\u00ed vztahy s\u00a0na\u0161imi partnery zalo\u017een\u00e9 na\u00a0vz\u00e1jemn\u00e9 d\u016fv\u011b\u0159e a\u00a0spolehlivosti. Spolehlivost Jak stoj\u00ed [&hellip;]<\/p>","protected":false},"author":3,"featured_media":0,"parent":0,"menu_order":0,"comment_status":"closed","ping_status":"closed","template":"elementor_header_footer","meta":{"footnotes":""},"class_list":["post-12","page","type-page","status-publish","hentry"],"_links":{"self":[{"href":"https:\/\/garantrans.cz\/en\/wp-json\/wp\/v2\/pages\/12","targetHints":{"allow":["GET"]}}],"collection":[{"href":"https:\/\/garantrans.cz\/en\/wp-json\/wp\/v2\/pages"}],"about":[{"href":"https:\/\/garantrans.cz\/en\/wp-json\/wp\/v2\/types\/page"}],"author":[{"embeddable":true,"href":"https:\/\/garantrans.cz\/en\/wp-json\/wp\/v2\/users\/3"}],"replies":[{"embeddable":true,"href":"https:\/\/garantrans.cz\/en\/wp-json\/wp\/v2\/comments?post=12"}],"version-history":[{"count":276,"href":"https:\/\/garantrans.cz\/en\/wp-json\/wp\/v2\/pages\/12\/revisions"}],"predecessor-version":[{"id":2075,"href":"https:\/\/garantrans.cz\/en\/wp-json\/wp\/v2\/pages\/12\/revisions\/2075"}],"wp:attachment":[{"href":"https:\/\/garantrans.cz\/en\/wp-json\/wp\/v2\/media?parent=12"}],"curies":[{"name":"wp","href":"https:\/\/api.w.org\/{rel}","templated":true}]}}