{"id":3,"date":"2023-03-15T10:34:28","date_gmt":"2023-03-15T10:34:28","guid":{"rendered":"http:\/\/sablonawebu.wbfsablona.cz\/?page_id=3"},"modified":"2023-07-17T14:35:06","modified_gmt":"2023-07-17T14:35:06","slug":"ochrana-osobnich-udaju","status":"publish","type":"page","link":"https:\/\/garantrans.cz\/de\/ochrana-osobnich-udaju\/","title":{"rendered":"Datenschutz"},"content":{"rendered":"<div data-elementor-type=\"wp-page\" data-elementor-id=\"3\" class=\"elementor elementor-3\" data-elementor-post-type=\"page\">\n\t\t\t\t<div class=\"elementor-element elementor-element-53f8032 e-con-full e-flex e-con e-parent\" data-id=\"53f8032\" data-element_type=\"container\" data-settings=\"{&quot;jet_parallax_layout_list&quot;:[]}\">\n\t\t<div class=\"elementor-element elementor-element-ca7b382 e-con-full e-flex e-con e-parent\" data-id=\"ca7b382\" data-element_type=\"container\" data-settings=\"{&quot;jet_parallax_layout_list&quot;:[]}\">\n\t\t\t\t<div class=\"elementor-element elementor-element-4fdf8fa elementor-widget elementor-widget-heading\" data-id=\"4fdf8fa\" data-element_type=\"widget\" data-widget_type=\"heading.default\">\n\t\t\t\t<div class=\"elementor-widget-container\">\n\t\t\t\t\t<h1 class=\"elementor-heading-title elementor-size-default\">Datenschutz<\/h1>\t\t\t\t<\/div>\n\t\t\t\t<\/div>\n\t\t\t\t<\/div>\n\t\t\t\t<\/div>\n\t\t<div class=\"elementor-element elementor-element-ccb01be e-flex e-con-boxed e-con e-parent\" data-id=\"ccb01be\" data-element_type=\"container\" data-settings=\"{&quot;jet_parallax_layout_list&quot;:[]}\">\n\t\t\t\t\t<div class=\"e-con-inner\">\n\t\t\t\t<div class=\"elementor-element elementor-element-8b09343 elementor-widget elementor-widget-text-editor\" data-id=\"8b09343\" data-element_type=\"widget\" data-widget_type=\"text-editor.default\">\n\t\t\t\t<div class=\"elementor-widget-container\">\n\t\t\t\t\t\t\t\t\t<p><strong>Datenschutzbestimmungen<\/strong><\/p><p>1 Inhaber der personenbezogenen Daten<\/p><p>1.1 Der Inhaber der personenbezogenen Daten Garantrans s.r.o., ID-Nr. 25820117, mit Sitz in Lihovarsk\u00e1 1199\/10, Ostrava, 716 00, eingetragen im Handelsregister beim Kreisgericht in Ostrava unter der Aktennummer C 19057\/KSOS, (im Folgenden \"Inhaber\") erkl\u00e4rt, dass alle von ihm verarbeiteten personenbezogenen Daten streng vertraulich sind.<\/p><p>1.2 Der f\u00fcr die Verarbeitung Verantwortliche sammelt, speichert und verwendet Ihre personenbezogenen Daten im Einklang mit dem Gesetz Nr. 110\/2019 Slg. \u00fcber die Verarbeitung personenbezogener Daten (nachstehend \"Gesetz \u00fcber die Verarbeitung personenbezogener Daten\" genannt) oder der Verordnung (EU) 2016\/679 des Europ\u00e4ischen Parlaments und des Rates vom 27. April 2016 \u00fcber die Verarbeitung personenbezogener Daten. Die einzelnen Zwecke, f\u00fcr die der f\u00fcr die Verarbeitung Verantwortliche personenbezogene Daten verarbeitet, sind im Folgenden n\u00e4her definiert<\/p><p>1.3 Der f\u00fcr die Verarbeitung Verantwortliche erhebt diese personenbezogenen Daten auch \u00fcber seine Website https:\/\/garantrans.cz (im Folgenden die \"Website\").<\/p><p>1.4 Diese Richtlinie wird von dem f\u00fcr die Verarbeitung Verantwortlichen herausgegeben, um sicherzustellen, dass Sie ausreichend dar\u00fcber informiert sind, welche personenbezogenen Daten der f\u00fcr die Verarbeitung Verantwortliche \u00fcber Sie verarbeitet, zu welchem Zweck, wie lange, wer Zugang zu Ihren personenbezogenen Daten hat und welche Rechte Sie haben. Diese Richtlinie gilt f\u00fcr alle personenbezogenen Daten, die von dem f\u00fcr die Verarbeitung Verantwortlichen erhoben werden, unabh\u00e4ngig davon, ob sie zur Erf\u00fcllung eines Vertragsverh\u00e4ltnisses, einer rechtlichen Verpflichtung, eines berechtigten Interesses oder einer Einwilligung erhoben werden.<\/p><p>2 Verarbeitete Daten<\/p><p>2.1 Der f\u00fcr die Verarbeitung Verantwortliche ist berechtigt, die folgenden personenbezogenen Daten zu verarbeiten, und zwar aufgeschl\u00fcsselt nach Zwecken, Kategorien von personenbezogenen Daten, Kategorien von betroffenen Personen, Kategorien von Empf\u00e4ngern und Aufbewahrungsfristen.<\/p><p>2.2 Unter den verschiedenen Zwecken der Verarbeitung sind die folgenden zu verstehen:<\/p><p>2.2.1 Erf\u00fcllung eines Vertragsverh\u00e4ltnisses: die Beziehung zwischen Ihnen und dem f\u00fcr die Verarbeitung Verantwortlichen, die sich aus einer Bestellung, einer Registrierung, auf der Grundlage eines Vertrags, einer Bewerbung und der Teilnahme an einem Wettbewerb usw. ergibt;<\/p><p>2.2.2 f\u00fcr das Versenden von kommerziellen Mitteilungen und das Anbieten von Produkten und Dienstleistungen: das Versenden von kommerziellen Angeboten per elektronischer Post (E-Mail), per Kurznachricht oder per Telefonanruf;<\/p><p>2.2.3 f\u00fcr Buchhaltungs- und Steuerzwecke: Buchhaltungsunterlagen im Sinne der Buchhaltungs- und Steuergesetzgebung;<\/p><p>2.2.4 Personal, Lohnbuchhaltung: Abschluss von Arbeitsvertr\u00e4gen, Bearbeitung von Lohn-, Sozial- und Krankenversicherungszahlungen im Einklang mit dem Gesetz Nr. 262\/2006 Slg. \u00fcber das Arbeitsrecht, Nr. 582\/1991 Slg. \u00fcber die Organisation und Durchf\u00fchrung der Sozialversicherung \/ 48\/1997 Slg. \u00fcber die \u00f6ffentliche Krankenversicherung und \u00fcber die \u00c4nderung und Erg\u00e4nzung einiger damit zusammenh\u00e4ngender Gesetze;<\/p><p>2.2.5 zu statistischen Zwecken, d.h. zur anonymisierten Erhebung des Website-Verkehrs sowie zur \u00dcberwachung der Anzahl der Seitenaufrufe, der auf der Website verbrachten Zeit und der Art des Ger\u00e4ts, mit dem Sie auf die Website zugreifen. \n2.2.6 Anzeige von Werbung bedeutet: Anzeige von Werbung auf der Website auf der Grundlage von statistisch ermittelten Kundenpr\u00e4ferenzen;<\/p><p>2.2.7 berechtigtes Interesse: wirksame Verteidigung im Falle eines Rechtsstreits; der Zeitraum der Verarbeitung personenbezogener Daten betr\u00e4gt in diesem Fall 4 Jahre nach Ablauf der Garantiezeit der Waren und verl\u00e4ngert sich um den Zeitraum, in dem der Rechtsstreit anh\u00e4ngig ist. Wir wollen unsere Dienstleistungen st\u00e4ndig verbessern und gegebenenfalls neue und bessere Dienstleistungen anbieten; wir wollen verhindern, dass solche Aktivit\u00e4ten behindert werden; daher sind T\u00e4tigkeiten, die zu diesem Ziel beitragen, unser berechtigtes Interesse. Die Verarbeitung zu Zwecken der Betrugsbek\u00e4mpfung (z. B. Bewertung des Risikos eines Vertragsabschlusses), des Direktmarketings (z. B. Angebot relevanter Dienstleistungen f\u00fcr bestehende Kunden), die Weitergabe personenbezogener Daten innerhalb einer Unternehmensgruppe ist ebenfalls ein berechtigtes Interesse\nf\u00fcr interne Verwaltungszwecke, die Meldung von Straftaten und die \u00dcbermittlung personenbezogener Daten an die zust\u00e4ndige Beh\u00f6rde, die Gew\u00e4hrleistung der Netz- und Informationssicherheit. Diese Aufz\u00e4hlung ist nur beispielhaft;<\/p><p>2.2.8 Erf\u00fcllung sonstiger rechtlicher Verpflichtungen: Auskunftserteilung an Strafverfolgungsbeh\u00f6rden, Auskunftserteilung an andere \u00f6ffentliche Stellen, usw.\neine Zeile hinzuf\u00fcgen<\/p><p>2.3 Wir verarbeiten Ihre personenbezogenen Daten f\u00fcr den Zeitraum, der erforderlich ist, um alle Rechte und Pflichten aus dem beiderseitigen Rechtsgesch\u00e4ft zu gew\u00e4hrleisten, d.h. mindestens f\u00fcr die Dauer der Bearbeitung eines Auftrags, der Durchf\u00fchrung eines Gesch\u00e4fts, der Einrichtung einer Dienstleistung usw. sowie f\u00fcr den Zeitraum, f\u00fcr den der Verantwortliche nach allgemein verbindlichen Rechtsvorschriften verpflichtet ist, die personenbezogenen Daten aufzubewahren, oder f\u00fcr den Zeitraum, f\u00fcr den Sie dem Verantwortlichen gegebenenfalls Ihre Einwilligung erteilt haben, andernfalls ergibt sich die Dauer der Verarbeitung aus dem Zweck, f\u00fcr den die personenbezogenen Daten verarbeitet werden, oder sie wird durch gesetzliche Vorschriften bestimmt.<\/p><p>2.4 Personenbezogene Daten werden von dem f\u00fcr die Verarbeitung Verantwortlichen manuell und automatisch verarbeitet. Der f\u00fcr die Verarbeitung Verantwortliche ist berechtigt, einige Informationen automatisch zu verarbeiten, z. B. um statistische Informationen \u00fcber den Verkehr auf seiner Website zu erstellen.<\/p><p>3 Verarbeitung personenbezogener Daten auf der Grundlage einer Einwilligung<\/p><p>3.1 Wenn wir von Ihnen eine Einwilligung zur Verarbeitung Ihrer personenbezogenen Daten erhalten haben, geschieht dies f\u00fcr einen der folgenden Zwecke:<\/p><p>3.1.1 Bearbeitung einer Anfrage, Beantwortung einer Anfrage Zweck hinzuf\u00fcgen<\/p><p>4 Rechte der betroffenen Person<\/p><p>4.1 Als betroffene Person haben Sie nach dem Gesetz die folgenden Rechte, die Sie jederzeit aus\u00fcben k\u00f6nnen<\/p><p>aus\u00fcben. Diese sind:<\/p><p>4.1.1 das Recht auf Auskunft \u00fcber personenbezogene Daten, wonach Sie das Recht haben, von dem f\u00fcr die Verarbeitung Verantwortlichen Auskunft dar\u00fcber zu erhalten, ob der f\u00fcr die Verarbeitung Verantwortliche Ihre personenbezogenen Daten verarbeitet. Der f\u00fcr die Verarbeitung Verantwortliche ist verpflichtet, Ihnen diese Informationen ohne unangemessene Verz\u00f6gerung zu erteilen. Der Inhalt der Informationen ist in Artikel 15 der Datenschutz-Grundverordnung festgelegt. Der f\u00fcr die Verarbeitung Verantwortliche hat das Recht, f\u00fcr die Bereitstellung der Informationen eine angemessene Geb\u00fchr zu erheben, die die f\u00fcr die Bereitstellung der Informationen erforderlichen Kosten nicht \u00fcbersteigt:<\/p><p>4.1.2 das Recht auf Berichtigung oder L\u00f6schung personenbezogener Daten oder gegebenenfalls auf Einschr\u00e4nkung der Verarbeitung, worauf Sie ein Recht haben;<\/p><p>4.1.3 das Recht, eine Erkl\u00e4rung zu verlangen, wenn Sie vermuten, dass die Verarbeitung personenbezogener Daten durch den f\u00fcr die Verarbeitung Verantwortlichen gegen das Gesetz verst\u00f6\u00dft;<\/p><p>4.1.4 das Recht, sich an die Datenschutzbeh\u00f6rde zu wenden, wenn Sie Zweifel an der Einhaltung der Verpflichtungen im Zusammenhang mit der Verarbeitung personenbezogener Daten haben;<\/p><p>4.1.5 das Recht auf Daten\u00fcbertragbarkeit, d.h. das Recht, die Sie betreffenden personenbezogenen Daten, die Sie dem f\u00fcr die Verarbeitung Verantwortlichen zur Verf\u00fcgung gestellt haben, in einem strukturierten, g\u00e4ngigen und maschinenlesbaren Format zu erhalten, siehe Artikel 20 DSGVO f\u00fcr weitere Einzelheiten<\/p><p>4.1.6 das Recht auf Widerspruch gegen die Verarbeitung personenbezogener Daten, die f\u00fcr die Wahrnehmung einer Aufgabe, die im \u00f6ffentlichen Interesse liegt oder in Aus\u00fcbung \u00f6ffentlicher Gewalt erfolgt, oder zur Wahrung der berechtigten Interessen des f\u00fcr die Verarbeitung Verantwortlichen verarbeitet werden. Der f\u00fcr die Verarbeitung Verantwortliche stellt die Verarbeitung unverz\u00fcglich ein, es sei denn, er weist nach, dass es ein berechtigtes Interesse\/Grund f\u00fcr die Verarbeitung gibt, das Ihre Interessen, Rechte und Freiheiten \u00fcberwiegt;<\/p><p>4.1.7 das Recht, Ihre Einwilligung in die Verarbeitung personenbezogener Daten jederzeit zu widerrufen, wenn Sie dem f\u00fcr die Verarbeitung Verantwortlichen Ihre Einwilligung zur Verarbeitung Ihrer personenbezogenen Daten erteilt haben.<\/p><p>5 Cookies<\/p><p>5.1 Cookies sind kurze Textdateien, die eine Website an Ihren Browser sendet. Sie erm\u00f6glichen es der Website, Informationen \u00fcber Ihren Besuch zu speichern, wie z. B. die von Ihnen gew\u00e4hlte Sprache usw., so dass sp\u00e4tere Besuche der Website einfacher und angenehmer f\u00fcr Sie sind. Cookies sind wichtig, weil das Surfen im Internet ohne sie viel schwieriger w\u00e4re. Cookies erm\u00f6glichen es Ihnen, unsere Website besser zu nutzen und ihre Inhalte an Ihre Bed\u00fcrfnisse anzupassen; fast jede Website auf der Welt verwendet sie. Cookies sind n\u00fctzlich, weil sie die Benutzerfreundlichkeit einer wiederholt besuchten Website erh\u00f6hen.<\/p><p>5.2 Die folgenden Arten von Cookies k\u00f6nnen vom Administrator der Website verwendet werden:<\/p><p>5.2.1 Sitzungscookies (d. h. tempor\u00e4re Cookies) erm\u00f6glichen es uns, Ihre individuellen Aktivit\u00e4ten w\u00e4hrend des Besuchs dieser Website zu verkn\u00fcpfen. Diese Cookies werden aktiviert, wenn Sie Ihr Browserfenster \u00f6ffnen, und deaktiviert, wenn Sie Ihr Browserfenster schlie\u00dfen. Sitzungscookies sind tempor\u00e4r und alle diese Dateien werden gel\u00f6scht, wenn Sie Ihren Browser schlie\u00dfen.<\/p><p>5.2.2 Dauerhafte Cookies helfen uns, Ihren Computer zu identifizieren, wenn Sie unsere Website erneut besuchen. Ein weiterer Vorteil von dauerhaften Cookies ist, dass sie es uns erm\u00f6glichen, unsere Website auf Ihre Bed\u00fcrfnisse zuzuschneiden.<\/p><p>5.3 Gem\u00e4\u00df den Bestimmungen von \u00a7 89 Absatz 3 des Gesetzes Nr. 127\/2005 Slg. \u00fcber elektronische Kommunikation in seiner ge\u00e4nderten Fassung informieren wir Sie hiermit dar\u00fcber, dass unsere Website Cookies f\u00fcr ihren Betrieb verwendet, d.h. dass wir Ihre Cookies, einschlie\u00dflich der dauerhaften Cookies, verarbeiten.5.4 Internet-Browser verf\u00fcgen in der Regel \u00fcber eine Cookie-Verwaltung. In den Einstellungen Ihres Browsers k\u00f6nnen Sie daher m\u00f6glicherweise einzelne Cookies manuell l\u00f6schen, blockieren oder deren Verwendung ganz unterbinden. F\u00fcr weitere Informationen nutzen Sie bitte die Hilfe Ihres Browsers. Wenn Sie die Verwendung von Cookies nicht zulassen, kann es sein, dass einige Funktionen und Seiten nicht so funktionieren, wie sie sollten.<\/p><p>5.5 Wir verwenden Cookies, um Inhalte und Anzeigen zu personalisieren, Funktionen f\u00fcr soziale Medien bereitzustellen und unseren Datenverkehr zu analysieren. Wir geben Informationen dar\u00fcber, wie Sie unsere Website nutzen, an unsere Partner f\u00fcr soziale Medien, Werbung und Analysen weiter. Durch die Nutzung der Website erkl\u00e4ren Sie sich mit der Verkn\u00fcpfung mit den folgenden Diensten einverstanden:<\/p><p>5.5.1 Google<\/p><p>5.5.2 Facebook<\/p><p>5.5.3 Linkedin<\/p><p>5.6 Um gezielte Werbung innerhalb von Werbe- und sozialen Netzwerken auf anderen Websites anzeigen zu k\u00f6nnen, \u00fcbermitteln wir Daten \u00fcber Ihr Verhalten auf der Website an diese Werbe- und sozialen Netzwerke; wir \u00fcbermitteln jedoch nicht Ihre Identifikationsdaten an sie.<\/p><p>6 \u00dcbermittlungen in Drittl\u00e4nder<\/p><p>6.1 Ihre personenbezogenen Daten werden nicht in Drittl\u00e4nder \u00fcbermittelt.<\/p><p>7 Informationen und Fragen<\/p><p>7.1 Betroffene Personen k\u00f6nnen weitere Informationen \u00fcber ihre Datenschutzrechte und -pflichten erhalten, indem sie https:\/\/garantrans.cz besuchen oder eine e-mail an info@garantrans.cz senden.<\/p>\t\t\t\t\t\t\t\t<\/div>\n\t\t\t\t<\/div>\n\t\t\t\t\t<\/div>\n\t\t\t\t<\/div>\n\t\t\t\t<\/div>","protected":false},"excerpt":{"rendered":"<p>Ochrana osobn\u00edch \u00fadaj\u016f Z\u00e1sady ochrany osobn\u00edch \u00fadaj\u016f 1 Spr\u00e1vce osobn\u00edch \u00fadaj\u016f 1.1 Spr\u00e1vce osobn\u00edch \u00fadaj\u016f Garantrans s.r.o., I\u010c 25820117, se s\u00eddlem Lihovarsk\u00e1 1199\/10, Ostrava, 716 00 v obchodn\u00edm rejst\u0159\u00edku zapsal Krajsk\u00fd soud v Ostrav\u011b pod spisovou zna\u010dku C 19057\/KSOS, (d\u00e1le jen \u201espr\u00e1vce&#8220;), prohla\u0161uje, \u017ee ve\u0161ker\u00e9 osobn\u00ed \u00fadaje zpracov\u00e1van\u00e9 spr\u00e1vcem jsou p\u0159\u00edsn\u011b d\u016fv\u011brn\u00e9. Spr\u00e1vce s nimi [&hellip;]<\/p>","protected":false},"author":3,"featured_media":0,"parent":0,"menu_order":0,"comment_status":"closed","ping_status":"closed","template":"elementor_header_footer","meta":{"footnotes":""},"class_list":["post-3","page","type-page","status-publish","hentry"],"_links":{"self":[{"href":"https:\/\/garantrans.cz\/de\/wp-json\/wp\/v2\/pages\/3","targetHints":{"allow":["GET"]}}],"collection":[{"href":"https:\/\/garantrans.cz\/de\/wp-json\/wp\/v2\/pages"}],"about":[{"href":"https:\/\/garantrans.cz\/de\/wp-json\/wp\/v2\/types\/page"}],"author":[{"embeddable":true,"href":"https:\/\/garantrans.cz\/de\/wp-json\/wp\/v2\/users\/3"}],"replies":[{"embeddable":true,"href":"https:\/\/garantrans.cz\/de\/wp-json\/wp\/v2\/comments?post=3"}],"version-history":[{"count":89,"href":"https:\/\/garantrans.cz\/de\/wp-json\/wp\/v2\/pages\/3\/revisions"}],"predecessor-version":[{"id":1812,"href":"https:\/\/garantrans.cz\/de\/wp-json\/wp\/v2\/pages\/3\/revisions\/1812"}],"wp:attachment":[{"href":"https:\/\/garantrans.cz\/de\/wp-json\/wp\/v2\/media?parent=3"}],"curies":[{"name":"wp","href":"https:\/\/api.w.org\/{rel}","templated":true}]}}